{"id":34667,"date":"2021-08-06T14:28:47","date_gmt":"2021-08-06T12:28:47","guid":{"rendered":"https:\/\/mon-taux.com\/blog\/?page_id=34667"},"modified":"2021-08-06T15:05:51","modified_gmt":"2021-08-06T13:05:51","slug":"le-guide-du-pret-habitat-le-simple-de-france-et-de-suisse","status":"publish","type":"page","link":"https:\/\/mon-taux.com\/blog\/le-guide-du-pret-habitat-le-simple-de-france-et-de-suisse\/","title":{"rendered":"Le guide du pr\u00eat habitat le + simple de France et de Suisse"},"content":{"rendered":"<p>r\u00e9serv\u00e9 aux frontaliers et aux fonctionnaires internationaux !<\/p>\n<ul>\n<li>\n\t\t\t\t\t\t\t\t\t\tPDF\n\t\t\t\t\t\t\t\t\t<\/li>\n<li>\n\t\t\t\t\t\t\t\t\t\tFran\u00e7ais\n\t\t\t\t\t\t\t\t\t<\/li>\n<li>\n\t\t\t\t\t<a href=\"https:\/\/mon-taux.com\/blog\/beginners-guide\/\"><br \/>\n\t\t\t\t\t\t\t\t\t\tAvailable in English<br \/>\n\t\t\t\t\t\t\t\t\t\t\t<\/a>\n\t\t\t\t\t\t\t\t\t<\/li>\n<\/ul>\n<p>\t\t\t\t\t\t\t\t\t\t\t\t<img decoding=\"async\" width=\"300\" height=\"300\" src=\"https:\/\/mon-taux.com\/blog\/wp-content\/uploads\/2020\/10\/cfacile.png\" alt=\"\" loading=\"lazy\" srcset=\"https:\/\/mon-taux.com\/blog\/wp-content\/uploads\/2020\/10\/cfacile.png 300w, https:\/\/mon-taux.com\/blog\/wp-content\/uploads\/2020\/10\/cfacile-150x150.png 150w\" sizes=\"auto, (max-width: 300px) 100vw, 300px\" \/><br \/>\n\t\t<style type=\"text\/css\">\r\n\t\t#dae-shortcode32878-download-wrapper {\r\n\t\t\tbackground: url() !important;\r\n\t\t\tbackground-attachment: scroll !important;\r\n\t\t}\r\n\t\t#dae-shortcode32878-download-wrapper .dae-shortcode-download-file-image {\r\n\t\t\twidth: 80% !important;\r\n\t\t}\r\n\t\t#dae-shortcode32878-download-wrapper.dae-shortcode-download-wrapper-wide .dae-shortcode-download-file-image {\r\n\t\t\twidth: 40% !important;\r\n\t\t}\r\n\t\t#dae-shortcode32878-download-wrapper .dae-shortcode-download-title {\r\n\t\t\tfont-size: 0px !important;\r\n\t\t\tfont-family: Arial, Helvetica, sans-serif !important;\r\n\t\t\tcolor: #5e5e5e !important;\r\n\t\t}\r\n\t\t#dae-shortcode32878-download-wrapper .dae-shortcode-download-text {\r\n\t\t\tfont-size: 16px !important;\r\n\t\t\tfont-family: Arial, Helvetica, sans-serif !important;\r\n\t\t\tcolor: #444444 !important;\r\n\t\t}\r\n\t\t#dae-shortcode32878-download-wrapper .dae-shortcode-download-text h1,\r\n\t\t#dae-shortcode32878-download-wrapper .dae-shortcode-download-text h2,\r\n\t\t#dae-shortcode32878-download-wrapper .dae-shortcode-download-text h3,\r\n\t\t#dae-shortcode32878-download-wrapper .dae-shortcode-download-text h4,\r\n\t\t#dae-shortcode32878-download-wrapper .dae-shortcode-download-text h5 {\r\n\t\t\tfont-family: Arial, Helvetica, sans-serif !important;\r\n\t\t}\r\n\t\t#dae-shortcode32878-download-wrapper .dae-shortcode-download-button {\r\n\t\t\tcolor: #ffffff !important;\r\n\t\t\tbackground: #81d742 !important;\r\n\t\t\tfont-size: 22px !important;\r\n\t\t\tfont-family: Arial, Helvetica, sans-serif !important;\r\n\t\t\twidth: auto !important;\r\n\t\t\tpadding: 20px 8px !important;\r\n\t\t\tborder-color: #ffffff !important;\r\n\t\t\tborder-radius: 10px !important;\r\n\t\t\t-moz-border-radius: 10px !important;\r\n\t\t\t-webkit-border-radius: 10px !important;\r\n\t\t}\r\n\t\t#dae-shortcode32878-download-wrapper .dae-shortcode-download-button:hover {\r\n\t\t\tcolor: #ffffff !important;\r\n\t\t\tbackground: #dd9933 !important;\r\n\t\t\tborder-color: #c4c4c4 !important;\r\n\t\t\tfont-size: 22px !important;\r\n\t\t\tfont-family: Arial, Helvetica, sans-serif !important;\r\n\t\t\twidth: auto !important;\r\n\t\t\tpadding: 20px 8px !important;\r\n\t\t\tborder-radius: 10px !important;\r\n\t\t\t-moz-border-radius: 10px !important;\r\n\t\t\t-webkit-border-radius: 10px !important;\r\n\t\t}\r\n\t\t#dae-shortcode32878-download-wrapper .dae-shortcode-register-label {\r\n\t\t\tfont-size: 18px !important;\r\n\t\t\tfont-family: Arial, Helvetica, sans-serif !important;\r\n\t\t\tcolor: #444444 !important;\r\n\t\t}\r\n\t\t#dae-shortcode32878-download-wrapper .dae-shortcode-register-icon {\r\n\t\t\theight: calc(45px + 4px) !important;\r\n\t\t\tfont-size: 15px !important;\r\n\t\t\tfont-family: Arial, Helvetica, sans-serif !important;\r\n\t\t\tpadding: 15px !important;\r\n\t\t\tcolor: #ffffff !important;\r\n\t\t\tbackground: #dd9933 !important;\r\n\t\t\tborder-radius: 10px 0 0 10px !important;\r\n\t\t\t-moz-border-radius: 10px 0 0 10px !important;\r\n\t\t\t-webkit-border-radius: 10px 0 0 10px !important;\r\n\t\t}\r\n\t\t#dae-shortcode32878-download-wrapper .dae-shortcode-register-field {\r\n\t\t\theight: calc(45px + 4px) !important;\r\n\t\t\tfont-size: 15px !important;\r\n\t\t\tfont-family: Arial, Helvetica, sans-serif !important;\r\n\t\t\tpadding: 15px !important;\r\n\t\t\tcolor: #444444 !important;\r\n\t\t\tbackground: #f9f9f9 !important;\r\n\t\t\tborder-radius: 0 10px 10px 0 !important;\r\n\t\t\t-moz-border-radius: 0 10px 10px 0 !important;\r\n\t\t\t-webkit-border-radius: 0 10px 10px 0 !important;\r\n\t\t}\r\n\t\t#dae-shortcode32878-download-wrapper .dae-shortcode-register-select-icon {\r\n\t\t\ttop: calc(50% - 7.5px) !important;\r\n\t\t\tright: 15px !important;\r\n\t\t\tfont-size: 15px !important;\r\n\t\t\tfont-family: Arial, Helvetica, sans-serif !important;\r\n\t\t\tcolor: #444444 !important;\r\n\t\t}\r\n\t\t#dae-shortcode32878-download-wrapper .dae-shortcode-register-field::-webkit-input-placeholder,\r\n\t\t#dae-shortcode32878-download-wrapper .dae-shortcode-register-field::placeholder {\r\n\t\t\tcolor: #888888 !important;\r\n\t\t\tfont-family: Arial, Helvetica, sans-serif !important;\r\n\t\t}\r\n\t\t#dae-shortcode32878-download-wrapper .dae-shortcode-register-field::-ms-input-placeholder {\r\n\t\t\tcolor: #888888 !important;\r\n\t\t\tfont-family: Arial, Helvetica, sans-serif !important;\r\n\t\t}\r\n\t\t#dae-shortcode32878-download-wrapper .dae-shortcode-register-checkbox-text {\r\n\t\t\tcolor: #444444 !important;\r\n\t\t\tfont-size: 12px !important;\r\n\t\t\tfont-family: Arial, Helvetica, sans-serif !important;\r\n\t\t}\r\n\t\t#dae-shortcode32878-download-wrapper .dae-shortcode-register-checkbox-text a {\r\n\t\t\tcolor: #62256a !important;\r\n\t\t}\r\n\t\t#dae-shortcode32878-download-wrapper .dae-shortcode-register-checkbox-text a:hover {\r\n\t\t\tcolor: #dd9933 !important;\r\n\t\t}\r\n\t\t#dae-shortcode32878-download-wrapper .dae-shortcode-register-submit {\r\n\t\t\tcolor: #ffffff !important;\r\n\t\t\tfont-size: 18px !important;\r\n\t\t\tfont-family: Arial, Helvetica, sans-serif !important;\r\n\t\t\tpadding: 18px !important;\r\n\t\t\tbackground: #81d742 !important;\r\n\t\t\tborder-radius: 10px !important;\r\n\t\t\t-moz-border-radius: 10px !important;\r\n\t\t\t-webkit-border-radius: 10px !important;\r\n\t\t}\r\n\t\t#dae-shortcode32878-download-wrapper .dae-shortcode-register-submit:hover {\r\n\t\t\tcolor: #ffffff !important;\r\n\t\t\tbackground: #dd9933 !important;\r\n\t\t\tfont-size: 18px !important;\r\n\t\t\tfont-family: Arial, Helvetica, sans-serif !important;\r\n\t\t\tpadding: 18px !important;\r\n\t\t\tborder-radius: 10px !important;\r\n\t\t\t-moz-border-radius: 10px !important;\r\n\t\t\t-webkit-border-radius: 10px !important;\r\n\t\t}\r\n\t\t#dae-shortcode32878-download-wrapper .dae-shortcode-register-loading {\r\n\t\t\tcolor: #81d742 !important;\r\n\t\t}\r\n\t\t#dae-shortcode32878-download-wrapper .dae-shortcode-register-message {\r\n\t\t\tfont-size: 16px !important;\r\n\t\t\tfont-family: Arial, Helvetica, sans-serif !important;\r\n\t\t}\r\n\t\t#dae-shortcode32878-download-wrapper .dae-shortcode-register-error {\r\n\t\t\tcolor: #dd1111 !important;\r\n\t\t}\r\n\t\t#dae-shortcode32878-download-wrapper .dae-shortcode-register-success {\r\n\t\t\tcolor: #62256a !important;\r\n\t\t}\r\n\t\t#dae-shortcode32878-download-wrapper .dae-shortcode-register-category-interests h4,\r\n\t\t#dae-shortcode32878-download-wrapper .dae-shortcode-register-input-wrap-interest label {\r\n\t\t\tfont-family: Arial, Helvetica, sans-serif !important;\r\n\t\t}\r\n\t\t#dae-shortcode32878-download-wrapper {\r\n\t\t\talign-items: center !important;\r\n\t\t\t-webkit-align-items: center !important;\r\n\t\t\tjustify-content: flex-start !important;\r\n\t\t\t-webkit-justify-content: flex-start !important;\r\n\t\t\t-moz-justify-content: fle-start !important;\r\n\t\t}\r\n\t\t#dae-shortcode32878-download-wrapper .dae-shortcode-download-content-wrapper,\r\n\t\t#dae-shortcode32878-download-wrapper .dae-shortcode-download-title,\r\n\t\t#dae-shortcode32878-download-wrapper .dae-shortcode-download-text,\r\n\t\t#dae-shortcode32878-download-wrapper .dae-shortcode-register-wrapper p,\r\n\t\t#dae-shortcode32878-download-wrapper .dae-shortcode-register-category-interests-wrap {\r\n\t\t\ttext-align: center !important;\r\n\t\t}\r\n\t\t#dae-shortcode32878-download-wrapper .dae-shortcode-register-field-wrap {\r\n\t\t\tjustify-content: center !important;\r\n\t\t\t-webkit-justify-content: center !important;\r\n\t\t\t-moz-justify-content: center !important;\r\n\t\t}\r\n\t\t#dae-shortcode32878-download-wrapper .dae-shortcode-register-label,\r\n\t\t#dae-shortcode32878-download-wrapper .dae-shortcode-register-message,\r\n\t\t#dae-shortcode32878-download-wrapper .dae-shortcode-register-category-interests-wrap {\r\n\t\t\tmargin: 20px auto !important;\r\n\t\t}\r\n\t\t#dae-shortcode32878-download-wrapper.dae-shortcode-download-wrapper-wide {\r\n\t\t\talign-items: center !important;\r\n\t\t\t-webkit-align-items: center !important;\r\n\t\t\tjustify-content: center !important;\r\n\t\t\t-webkit-justify-content: center !important;\r\n\t\t\t-moz-justify-content: center !important;\r\n\t\t}\r\n\t\t#dae-shortcode32878-download-wrapper.dae-shortcode-download-wrapper-wide .dae-shortcode-download-content-wrapper,\r\n\t\t#dae-shortcode32878-download-wrapper.dae-shortcode-download-wrapper-wide .dae-shortcode-download-title,\r\n\t\t#dae-shortcode32878-download-wrapper.dae-shortcode-download-wrapper-wide .dae-shortcode-download-text,\r\n\t\t#dae-shortcode32878-download-wrapper.dae-shortcode-download-wrapper-wide .dae-shortcode-register-wrapper p,\r\n\t\t#dae-shortcode32878-download-wrapper.dae-shortcode-download-wrapper-wide .dae-shortcode-register-category-interests-wrap {\r\n\t\t\ttext-align: center !important;\r\n\t\t}\r\n\t\t#dae-shortcode32878-download-wrapper.dae-shortcode-download-wrapper-wide .dae-shortcode-register-field-wrap {\r\n\t\t\tjustify-content: center !important;\r\n\t\t\t-webkit-justify-content: center !important;\r\n\t\t\t-moz-justify-content: center !important;\r\n\t\t}\r\n\t\t#dae-shortcode32878-download-wrapper.dae-shortcode-download-wrapper-wide .dae-shortcode-register-label,\r\n\t\t#dae-shortcode32878-download-wrapper.dae-shortcode-download-wrapper-wide .dae-shortcode-register-message,\r\n\t\t#dae-shortcode32878-download-wrapper.dae-shortcode-download-wrapper-wide .dae-shortcode-register-category-interests-wrap {\r\n\t\t\tmargin: 20px auto !important;\r\n\t\t}\r\n\t<\/style>\r\n\t\t<div id=\"dae-shortcode32878-download-wrapper\" class=\"dae-shortcode-download-wrapper\">\r\n\t\t\t\r\n\t\t\t<div class=\"dae-shortcode-download-content-wrapper\">\r\n\t\t\t\t<h2 class=\"dae-shortcode-download-title\">T\u00e9l\u00e9chargez Pr\u00eat en devise, C&#039;FACILE<\/h2>\r\n\t\t\t\t\r\n\t\t\t\t<div class=\"dae-shortcode-download-button\">\r\n\t\t\t\t\t<span class=\"dae-shortcode-download-button-icon\"><i class=\"fas fa-download\"><\/i><\/span>\r\n\t\t\t\t\t<span class=\"dae-shortcode-download-button-text\">T\u00e9l\u00e9chargez en PDF<\/span>\r\n\t\t\t\t<\/div>\r\n\t\t\t\t<div class=\"dae-shortcode-register-wrapper\">\r\n\t\t\t\t\t<p class=\"dae-shortcode-register-label\">Envoyez le lien de t\u00e9l\u00e9chargement \u00e0:<\/p>\r\n\t\t\t\t\t<form class=\"dae-shortcode-register-form\" method=\"post\" novalidate=\"novalidate\">\r\n\t\t\t\t\t\t<input type=\"hidden\" name=\"file\" value=\"CFACILE.pdf\" \/>\r\n\t\t\t\t\t\t<div class=\"dae-shortcode-register-field-wrap\"><div class=\"dae-shortcode-register-icon\"><i class=\"fas fa-envelope\"><\/i><\/div><div class=\"dae-shortcode-register-input-wrap\"><input class=\"dae-shortcode-register-field\" type=\"email\" name=\"email\" placeholder=\"E-mail\" autocomplete=\"off\" \/><\/div><\/div>\r\n\t\t\t\t\t\t\r\n\t\t\t\t\t\t\r\n\t\t\t\t\t\t<p>\r\n\t\t\t\t\t\t\t<input class=\"dae-shortcode-register-submit\" type=\"submit\" value=\"Envoyez le lien\" \/>\r\n\t\t\t\t\t\t<\/p>\r\n\t\t\t\t\t\t<p class=\"dae-shortcode-register-loading\">\r\n\t\t\t\t\t\t\t<i class=\"fas fa-spinner fa-spin\"><\/i>\r\n\t\t\t\t\t\t<\/p>\r\n\t\t\t\t\t<\/form>\r\n\t\t\t\t\t<p class=\"dae-shortcode-register-message\"><\/p>\r\n\t\t\t\t<\/div>\r\n\t\t\t<\/div>\r\n\t\t<\/div>\r\n\t\n\t\t\t\t\t\t\t\t\t\t\t\t<img decoding=\"async\" width=\"1024\" height=\"725\" src=\"https:\/\/mon-taux.com\/blog\/wp-content\/uploads\/2020\/10\/Capture-de\u0301cran-2020-10-09-a\u0300-10.44.56-1024x725.png\" alt=\"\" loading=\"lazy\" srcset=\"https:\/\/mon-taux.com\/blog\/wp-content\/uploads\/2020\/10\/Capture-de\u0301cran-2020-10-09-a\u0300-10.44.56-1024x725.png 1024w, https:\/\/mon-taux.com\/blog\/wp-content\/uploads\/2020\/10\/Capture-de\u0301cran-2020-10-09-a\u0300-10.44.56-300x212.png 300w, https:\/\/mon-taux.com\/blog\/wp-content\/uploads\/2020\/10\/Capture-de\u0301cran-2020-10-09-a\u0300-10.44.56-768x544.png 768w, https:\/\/mon-taux.com\/blog\/wp-content\/uploads\/2020\/10\/Capture-de\u0301cran-2020-10-09-a\u0300-10.44.56.png 1199w\" sizes=\"auto, (max-width: 1024px) 100vw, 1024px\" \/><br \/>\n\t\t\t\t\t\t\t\t\t\t\t\t<img decoding=\"async\" width=\"1024\" height=\"725\" src=\"https:\/\/mon-taux.com\/blog\/wp-content\/uploads\/2020\/10\/Capture-de\u0301cran-2020-10-09-a\u0300-10.45.08-1024x725.png\" alt=\"\" loading=\"lazy\" srcset=\"https:\/\/mon-taux.com\/blog\/wp-content\/uploads\/2020\/10\/Capture-de\u0301cran-2020-10-09-a\u0300-10.45.08-1024x725.png 1024w, https:\/\/mon-taux.com\/blog\/wp-content\/uploads\/2020\/10\/Capture-de\u0301cran-2020-10-09-a\u0300-10.45.08-300x213.png 300w, https:\/\/mon-taux.com\/blog\/wp-content\/uploads\/2020\/10\/Capture-de\u0301cran-2020-10-09-a\u0300-10.45.08-768x544.png 768w, https:\/\/mon-taux.com\/blog\/wp-content\/uploads\/2020\/10\/Capture-de\u0301cran-2020-10-09-a\u0300-10.45.08.png 1200w\" sizes=\"auto, (max-width: 1024px) 100vw, 1024px\" \/><br \/>\n\t\t\t\t\t\t\t\t\t\t\t\t<img decoding=\"async\" width=\"1024\" height=\"729\" src=\"https:\/\/mon-taux.com\/blog\/wp-content\/uploads\/2020\/10\/Capture-de\u0301cran-2020-05-07-a\u0300-13.55.43-1024x729.png\" alt=\"\" loading=\"lazy\" srcset=\"https:\/\/mon-taux.com\/blog\/wp-content\/uploads\/2020\/10\/Capture-de\u0301cran-2020-05-07-a\u0300-13.55.43-1024x729.png 1024w, https:\/\/mon-taux.com\/blog\/wp-content\/uploads\/2020\/10\/Capture-de\u0301cran-2020-05-07-a\u0300-13.55.43-300x214.png 300w, https:\/\/mon-taux.com\/blog\/wp-content\/uploads\/2020\/10\/Capture-de\u0301cran-2020-05-07-a\u0300-13.55.43-768x547.png 768w, https:\/\/mon-taux.com\/blog\/wp-content\/uploads\/2020\/10\/Capture-de\u0301cran-2020-05-07-a\u0300-13.55.43.png 1111w\" sizes=\"auto, (max-width: 1024px) 100vw, 1024px\" \/><\/p>\n","protected":false},"excerpt":{"rendered":"<p>r\u00e9serv\u00e9 aux frontaliers et aux fonctionnaires internationaux ! PDF Fran\u00e7ais Available in English<\/p>\n","protected":false},"author":1,"featured_media":33487,"parent":0,"menu_order":0,"comment_status":"closed","ping_status":"closed","template":"","meta":{"footnotes":""},"class_list":["post-34667","page","type-page","status-publish","has-post-thumbnail","czr-hentry"],"yoast_head":"<!-- This site is optimized with the Yoast SEO plugin v25.8 - https:\/\/yoast.com\/wordpress\/plugins\/seo\/ -->\n<title>Le guide du pr\u00eat habitat le + simple de France et de Suisse - Mon-taux.com - Blog des experts en frontaliers<\/title>\n<meta name=\"robots\" content=\"index, follow, max-snippet:-1, max-image-preview:large, max-video-preview:-1\" \/>\n<link rel=\"canonical\" href=\"https:\/\/mon-taux.com\/blog\/le-guide-du-pret-habitat-le-simple-de-france-et-de-suisse\/\" \/>\n<meta property=\"og:locale\" content=\"fr_FR\" \/>\n<meta property=\"og:type\" content=\"article\" \/>\n<meta property=\"og:title\" content=\"Le guide du pr\u00eat habitat le + simple de France et de Suisse - Mon-taux.com - Blog des experts en frontaliers\" \/>\n<meta property=\"og:description\" content=\"r\u00e9serv\u00e9 aux frontaliers et aux fonctionnaires internationaux ! PDF Fran\u00e7ais Available in English\" \/>\n<meta property=\"og:url\" content=\"https:\/\/mon-taux.com\/blog\/le-guide-du-pret-habitat-le-simple-de-france-et-de-suisse\/\" \/>\n<meta property=\"og:site_name\" content=\"Mon-taux.com - Blog des experts en frontaliers\" \/>\n<meta property=\"article:publisher\" content=\"https:\/\/www.facebook.com\/MonTauxCom.ComparateurFrontalier\" \/>\n<meta property=\"article:modified_time\" content=\"2021-08-06T13:05:51+00:00\" \/>\n<meta property=\"og:image\" content=\"https:\/\/mon-taux.com\/blog\/wp-content\/uploads\/2020\/10\/cfacile.png\" \/>\n\t<meta property=\"og:image:width\" content=\"300\" \/>\n\t<meta property=\"og:image:height\" content=\"300\" \/>\n\t<meta property=\"og:image:type\" content=\"image\/png\" \/>\n<meta name=\"twitter:card\" content=\"summary_large_image\" \/>\n<meta name=\"twitter:site\" content=\"@MonTauxCom\" \/>\n<meta name=\"twitter:label1\" content=\"Dur\u00e9e de lecture estim\u00e9e\" \/>\n\t<meta name=\"twitter:data1\" content=\"1 minute\" \/>\n<script type=\"application\/ld+json\" class=\"yoast-schema-graph\">{\"@context\":\"https:\/\/schema.org\",\"@graph\":[{\"@type\":\"WebPage\",\"@id\":\"https:\/\/mon-taux.com\/blog\/le-guide-du-pret-habitat-le-simple-de-france-et-de-suisse\/\",\"url\":\"https:\/\/mon-taux.com\/blog\/le-guide-du-pret-habitat-le-simple-de-france-et-de-suisse\/\",\"name\":\"Le guide du pr\u00eat habitat le + simple de France et de Suisse - Mon-taux.com - Blog des experts en frontaliers\",\"isPartOf\":{\"@id\":\"https:\/\/mon-taux.com\/blog\/#website\"},\"primaryImageOfPage\":{\"@id\":\"https:\/\/mon-taux.com\/blog\/le-guide-du-pret-habitat-le-simple-de-france-et-de-suisse\/#primaryimage\"},\"image\":{\"@id\":\"https:\/\/mon-taux.com\/blog\/le-guide-du-pret-habitat-le-simple-de-france-et-de-suisse\/#primaryimage\"},\"thumbnailUrl\":\"https:\/\/mon-taux.com\/blog\/wp-content\/uploads\/2020\/10\/cfacile.png\",\"datePublished\":\"2021-08-06T12:28:47+00:00\",\"dateModified\":\"2021-08-06T13:05:51+00:00\",\"breadcrumb\":{\"@id\":\"https:\/\/mon-taux.com\/blog\/le-guide-du-pret-habitat-le-simple-de-france-et-de-suisse\/#breadcrumb\"},\"inLanguage\":\"fr-FR\",\"potentialAction\":[{\"@type\":\"ReadAction\",\"target\":[\"https:\/\/mon-taux.com\/blog\/le-guide-du-pret-habitat-le-simple-de-france-et-de-suisse\/\"]}]},{\"@type\":\"ImageObject\",\"inLanguage\":\"fr-FR\",\"@id\":\"https:\/\/mon-taux.com\/blog\/le-guide-du-pret-habitat-le-simple-de-france-et-de-suisse\/#primaryimage\",\"url\":\"https:\/\/mon-taux.com\/blog\/wp-content\/uploads\/2020\/10\/cfacile.png\",\"contentUrl\":\"https:\/\/mon-taux.com\/blog\/wp-content\/uploads\/2020\/10\/cfacile.png\",\"width\":300,\"height\":300},{\"@type\":\"BreadcrumbList\",\"@id\":\"https:\/\/mon-taux.com\/blog\/le-guide-du-pret-habitat-le-simple-de-france-et-de-suisse\/#breadcrumb\",\"itemListElement\":[{\"@type\":\"ListItem\",\"position\":1,\"name\":\"Accueil\",\"item\":\"https:\/\/mon-taux.com\/blog\/\"},{\"@type\":\"ListItem\",\"position\":2,\"name\":\"Le guide du pr\u00eat habitat le + simple de France et de Suisse\"}]},{\"@type\":\"WebSite\",\"@id\":\"https:\/\/mon-taux.com\/blog\/#website\",\"url\":\"https:\/\/mon-taux.com\/blog\/\",\"name\":\"Mon-taux.com - Blog des experts en frontaliers\",\"description\":\"\",\"publisher\":{\"@id\":\"https:\/\/mon-taux.com\/blog\/#organization\"},\"potentialAction\":[{\"@type\":\"SearchAction\",\"target\":{\"@type\":\"EntryPoint\",\"urlTemplate\":\"https:\/\/mon-taux.com\/blog\/?s={search_term_string}\"},\"query-input\":{\"@type\":\"PropertyValueSpecification\",\"valueRequired\":true,\"valueName\":\"search_term_string\"}}],\"inLanguage\":\"fr-FR\"},{\"@type\":\"Organization\",\"@id\":\"https:\/\/mon-taux.com\/blog\/#organization\",\"name\":\"Mon-taux.com\",\"url\":\"https:\/\/mon-taux.com\/blog\/\",\"logo\":{\"@type\":\"ImageObject\",\"inLanguage\":\"fr-FR\",\"@id\":\"https:\/\/mon-taux.com\/blog\/#\/schema\/logo\/image\/\",\"url\":\"https:\/\/mon-taux.com\/blog\/wp-content\/uploads\/2020\/08\/montaux-new-logo-e1596462820847.png\",\"contentUrl\":\"https:\/\/mon-taux.com\/blog\/wp-content\/uploads\/2020\/08\/montaux-new-logo-e1596462820847.png\",\"width\":300,\"height\":172,\"caption\":\"Mon-taux.com\"},\"image\":{\"@id\":\"https:\/\/mon-taux.com\/blog\/#\/schema\/logo\/image\/\"},\"sameAs\":[\"https:\/\/www.facebook.com\/MonTauxCom.ComparateurFrontalier\",\"https:\/\/x.com\/MonTauxCom\",\"https:\/\/www.youtube.com\/channel\/UCyft978dCKAgV8DglhSW6gg\"]}]}<\/script>\n<!-- \/ Yoast SEO plugin. -->","yoast_head_json":{"title":"Le guide du pr\u00eat habitat le + simple de France et de Suisse - Mon-taux.com - Blog des experts en frontaliers","robots":{"index":"index","follow":"follow","max-snippet":"max-snippet:-1","max-image-preview":"max-image-preview:large","max-video-preview":"max-video-preview:-1"},"canonical":"https:\/\/mon-taux.com\/blog\/le-guide-du-pret-habitat-le-simple-de-france-et-de-suisse\/","og_locale":"fr_FR","og_type":"article","og_title":"Le guide du pr\u00eat habitat le + simple de France et de Suisse - Mon-taux.com - Blog des experts en frontaliers","og_description":"r\u00e9serv\u00e9 aux frontaliers et aux fonctionnaires internationaux ! PDF Fran\u00e7ais Available in English","og_url":"https:\/\/mon-taux.com\/blog\/le-guide-du-pret-habitat-le-simple-de-france-et-de-suisse\/","og_site_name":"Mon-taux.com - Blog des experts en frontaliers","article_publisher":"https:\/\/www.facebook.com\/MonTauxCom.ComparateurFrontalier","article_modified_time":"2021-08-06T13:05:51+00:00","og_image":[{"width":300,"height":300,"url":"https:\/\/mon-taux.com\/blog\/wp-content\/uploads\/2020\/10\/cfacile.png","type":"image\/png"}],"twitter_card":"summary_large_image","twitter_site":"@MonTauxCom","twitter_misc":{"Dur\u00e9e de lecture estim\u00e9e":"1 minute"},"schema":{"@context":"https:\/\/schema.org","@graph":[{"@type":"WebPage","@id":"https:\/\/mon-taux.com\/blog\/le-guide-du-pret-habitat-le-simple-de-france-et-de-suisse\/","url":"https:\/\/mon-taux.com\/blog\/le-guide-du-pret-habitat-le-simple-de-france-et-de-suisse\/","name":"Le guide du pr\u00eat habitat le + simple de France et de Suisse - Mon-taux.com - Blog des experts en frontaliers","isPartOf":{"@id":"https:\/\/mon-taux.com\/blog\/#website"},"primaryImageOfPage":{"@id":"https:\/\/mon-taux.com\/blog\/le-guide-du-pret-habitat-le-simple-de-france-et-de-suisse\/#primaryimage"},"image":{"@id":"https:\/\/mon-taux.com\/blog\/le-guide-du-pret-habitat-le-simple-de-france-et-de-suisse\/#primaryimage"},"thumbnailUrl":"https:\/\/mon-taux.com\/blog\/wp-content\/uploads\/2020\/10\/cfacile.png","datePublished":"2021-08-06T12:28:47+00:00","dateModified":"2021-08-06T13:05:51+00:00","breadcrumb":{"@id":"https:\/\/mon-taux.com\/blog\/le-guide-du-pret-habitat-le-simple-de-france-et-de-suisse\/#breadcrumb"},"inLanguage":"fr-FR","potentialAction":[{"@type":"ReadAction","target":["https:\/\/mon-taux.com\/blog\/le-guide-du-pret-habitat-le-simple-de-france-et-de-suisse\/"]}]},{"@type":"ImageObject","inLanguage":"fr-FR","@id":"https:\/\/mon-taux.com\/blog\/le-guide-du-pret-habitat-le-simple-de-france-et-de-suisse\/#primaryimage","url":"https:\/\/mon-taux.com\/blog\/wp-content\/uploads\/2020\/10\/cfacile.png","contentUrl":"https:\/\/mon-taux.com\/blog\/wp-content\/uploads\/2020\/10\/cfacile.png","width":300,"height":300},{"@type":"BreadcrumbList","@id":"https:\/\/mon-taux.com\/blog\/le-guide-du-pret-habitat-le-simple-de-france-et-de-suisse\/#breadcrumb","itemListElement":[{"@type":"ListItem","position":1,"name":"Accueil","item":"https:\/\/mon-taux.com\/blog\/"},{"@type":"ListItem","position":2,"name":"Le guide du pr\u00eat habitat le + simple de France et de Suisse"}]},{"@type":"WebSite","@id":"https:\/\/mon-taux.com\/blog\/#website","url":"https:\/\/mon-taux.com\/blog\/","name":"Mon-taux.com - Blog des experts en frontaliers","description":"","publisher":{"@id":"https:\/\/mon-taux.com\/blog\/#organization"},"potentialAction":[{"@type":"SearchAction","target":{"@type":"EntryPoint","urlTemplate":"https:\/\/mon-taux.com\/blog\/?s={search_term_string}"},"query-input":{"@type":"PropertyValueSpecification","valueRequired":true,"valueName":"search_term_string"}}],"inLanguage":"fr-FR"},{"@type":"Organization","@id":"https:\/\/mon-taux.com\/blog\/#organization","name":"Mon-taux.com","url":"https:\/\/mon-taux.com\/blog\/","logo":{"@type":"ImageObject","inLanguage":"fr-FR","@id":"https:\/\/mon-taux.com\/blog\/#\/schema\/logo\/image\/","url":"https:\/\/mon-taux.com\/blog\/wp-content\/uploads\/2020\/08\/montaux-new-logo-e1596462820847.png","contentUrl":"https:\/\/mon-taux.com\/blog\/wp-content\/uploads\/2020\/08\/montaux-new-logo-e1596462820847.png","width":300,"height":172,"caption":"Mon-taux.com"},"image":{"@id":"https:\/\/mon-taux.com\/blog\/#\/schema\/logo\/image\/"},"sameAs":["https:\/\/www.facebook.com\/MonTauxCom.ComparateurFrontalier","https:\/\/x.com\/MonTauxCom","https:\/\/www.youtube.com\/channel\/UCyft978dCKAgV8DglhSW6gg"]}]}},"_links":{"self":[{"href":"https:\/\/mon-taux.com\/blog\/wp-json\/wp\/v2\/pages\/34667","targetHints":{"allow":["GET"]}}],"collection":[{"href":"https:\/\/mon-taux.com\/blog\/wp-json\/wp\/v2\/pages"}],"about":[{"href":"https:\/\/mon-taux.com\/blog\/wp-json\/wp\/v2\/types\/page"}],"author":[{"embeddable":true,"href":"https:\/\/mon-taux.com\/blog\/wp-json\/wp\/v2\/users\/1"}],"replies":[{"embeddable":true,"href":"https:\/\/mon-taux.com\/blog\/wp-json\/wp\/v2\/comments?post=34667"}],"version-history":[{"count":8,"href":"https:\/\/mon-taux.com\/blog\/wp-json\/wp\/v2\/pages\/34667\/revisions"}],"predecessor-version":[{"id":34675,"href":"https:\/\/mon-taux.com\/blog\/wp-json\/wp\/v2\/pages\/34667\/revisions\/34675"}],"wp:featuredmedia":[{"embeddable":true,"href":"https:\/\/mon-taux.com\/blog\/wp-json\/wp\/v2\/media\/33487"}],"wp:attachment":[{"href":"https:\/\/mon-taux.com\/blog\/wp-json\/wp\/v2\/media?parent=34667"}],"curies":[{"name":"wp","href":"https:\/\/api.w.org\/{rel}","templated":true}]}}