{"id":33320,"date":"2020-08-04T14:23:57","date_gmt":"2020-08-04T12:23:57","guid":{"rendered":"https:\/\/mon-taux-de-change.com\/blog\/?page_id=33320"},"modified":"2022-09-06T14:26:50","modified_gmt":"2022-09-06T12:26:50","slug":"quizz","status":"publish","type":"page","link":"https:\/\/mon-taux.com\/blog\/quizz\/","title":{"rendered":"Quizz pour choisir la devise de mon cr\u00e9dit"},"content":{"rendered":"\n[wp_quiz id=&#8221;33318&#8243;]\n\t\t\n\t\t\t\t\t\t\t\t\t\t\t\t<img decoding=\"async\" src=\"https:\/\/mon-taux.com\/blog\/wp-content\/uploads\/elementor\/thumbs\/chf_kinka-happy-otgzboxksbut5m807l6dezld4xycqpbrpgxbxlhpm0.png\" title=\"chf_kinka-happy.png\" alt=\"chf_kinka-happy.png\" \/>\t\t\t\t\t\t\t\t\t\t\t\t\t\t\n\t\t<p><strong>* ce quizz a \u00e9t\u00e9 cr\u00e9e pour &#8220;Le guide du pr\u00eat habitat le C&#8217;FACILE pour frontaliers&#8221;<\/strong><\/p>","protected":false},"excerpt":{"rendered":"<p>[wp_quiz id=&#8221;33318&#8243;] * ce quizz a \u00e9t\u00e9 cr\u00e9e pour &#8220;Le guide du pr\u00eat habitat le C&#8217;FACILE pour frontaliers&#8221;<\/p>\n","protected":false},"author":1,"featured_media":33487,"parent":0,"menu_order":0,"comment_status":"closed","ping_status":"closed","template":"","meta":{"footnotes":""},"class_list":["post-33320","page","type-page","status-publish","has-post-thumbnail","czr-hentry"],"yoast_head":"<!-- This site is optimized with the Yoast SEO plugin v25.8 - https:\/\/yoast.com\/wordpress\/plugins\/seo\/ -->\n<title>Quizz pour choisir la devise de mon cr\u00e9dit - Mon-taux.com - Blog des experts en frontaliers<\/title>\n<meta name=\"robots\" content=\"index, follow, max-snippet:-1, max-image-preview:large, max-video-preview:-1\" \/>\n<link rel=\"canonical\" href=\"https:\/\/mon-taux.com\/blog\/quizz\/\" \/>\n<meta property=\"og:locale\" content=\"fr_FR\" \/>\n<meta property=\"og:type\" content=\"article\" \/>\n<meta property=\"og:title\" content=\"Quizz pour choisir la devise de mon cr\u00e9dit - Mon-taux.com - Blog des experts en frontaliers\" \/>\n<meta property=\"og:description\" content=\"[wp_quiz id=&#8221;33318&#8243;] * ce quizz a \u00e9t\u00e9 cr\u00e9e pour &#8220;Le guide du pr\u00eat habitat le C&#8217;FACILE pour frontaliers&#8221;\" \/>\n<meta property=\"og:url\" content=\"https:\/\/mon-taux.com\/blog\/quizz\/\" \/>\n<meta property=\"og:site_name\" content=\"Mon-taux.com - Blog des experts en frontaliers\" \/>\n<meta property=\"article:publisher\" content=\"https:\/\/www.facebook.com\/MonTauxCom.ComparateurFrontalier\" \/>\n<meta property=\"article:modified_time\" content=\"2022-09-06T12:26:50+00:00\" \/>\n<meta property=\"og:image\" content=\"https:\/\/mon-taux.com\/blog\/wp-content\/uploads\/2020\/10\/cfacile.png\" \/>\n\t<meta property=\"og:image:width\" content=\"300\" \/>\n\t<meta property=\"og:image:height\" content=\"300\" \/>\n\t<meta property=\"og:image:type\" content=\"image\/png\" \/>\n<meta name=\"twitter:card\" content=\"summary_large_image\" \/>\n<meta name=\"twitter:site\" content=\"@MonTauxCom\" \/>\n<meta name=\"twitter:label1\" content=\"Dur\u00e9e de lecture estim\u00e9e\" \/>\n\t<meta name=\"twitter:data1\" content=\"3 minutes\" \/>\n<script type=\"application\/ld+json\" class=\"yoast-schema-graph\">{\"@context\":\"https:\/\/schema.org\",\"@graph\":[{\"@type\":\"WebPage\",\"@id\":\"https:\/\/mon-taux.com\/blog\/quizz\/\",\"url\":\"https:\/\/mon-taux.com\/blog\/quizz\/\",\"name\":\"Quizz pour choisir la devise de mon cr\u00e9dit - Mon-taux.com - Blog des experts en frontaliers\",\"isPartOf\":{\"@id\":\"https:\/\/mon-taux.com\/blog\/#website\"},\"primaryImageOfPage\":{\"@id\":\"https:\/\/mon-taux.com\/blog\/quizz\/#primaryimage\"},\"image\":{\"@id\":\"https:\/\/mon-taux.com\/blog\/quizz\/#primaryimage\"},\"thumbnailUrl\":\"https:\/\/mon-taux.com\/blog\/wp-content\/uploads\/2020\/10\/cfacile.png\",\"datePublished\":\"2020-08-04T12:23:57+00:00\",\"dateModified\":\"2022-09-06T12:26:50+00:00\",\"breadcrumb\":{\"@id\":\"https:\/\/mon-taux.com\/blog\/quizz\/#breadcrumb\"},\"inLanguage\":\"fr-FR\",\"potentialAction\":[{\"@type\":\"ReadAction\",\"target\":[\"https:\/\/mon-taux.com\/blog\/quizz\/\"]}]},{\"@type\":\"ImageObject\",\"inLanguage\":\"fr-FR\",\"@id\":\"https:\/\/mon-taux.com\/blog\/quizz\/#primaryimage\",\"url\":\"https:\/\/mon-taux.com\/blog\/wp-content\/uploads\/2020\/10\/cfacile.png\",\"contentUrl\":\"https:\/\/mon-taux.com\/blog\/wp-content\/uploads\/2020\/10\/cfacile.png\",\"width\":300,\"height\":300},{\"@type\":\"BreadcrumbList\",\"@id\":\"https:\/\/mon-taux.com\/blog\/quizz\/#breadcrumb\",\"itemListElement\":[{\"@type\":\"ListItem\",\"position\":1,\"name\":\"Accueil\",\"item\":\"https:\/\/mon-taux.com\/blog\/\"},{\"@type\":\"ListItem\",\"position\":2,\"name\":\"Quizz pour choisir la devise de mon cr\u00e9dit\"}]},{\"@type\":\"WebSite\",\"@id\":\"https:\/\/mon-taux.com\/blog\/#website\",\"url\":\"https:\/\/mon-taux.com\/blog\/\",\"name\":\"Mon-taux.com - Blog des experts en frontaliers\",\"description\":\"\",\"publisher\":{\"@id\":\"https:\/\/mon-taux.com\/blog\/#organization\"},\"potentialAction\":[{\"@type\":\"SearchAction\",\"target\":{\"@type\":\"EntryPoint\",\"urlTemplate\":\"https:\/\/mon-taux.com\/blog\/?s={search_term_string}\"},\"query-input\":{\"@type\":\"PropertyValueSpecification\",\"valueRequired\":true,\"valueName\":\"search_term_string\"}}],\"inLanguage\":\"fr-FR\"},{\"@type\":\"Organization\",\"@id\":\"https:\/\/mon-taux.com\/blog\/#organization\",\"name\":\"Mon-taux.com\",\"url\":\"https:\/\/mon-taux.com\/blog\/\",\"logo\":{\"@type\":\"ImageObject\",\"inLanguage\":\"fr-FR\",\"@id\":\"https:\/\/mon-taux.com\/blog\/#\/schema\/logo\/image\/\",\"url\":\"https:\/\/mon-taux.com\/blog\/wp-content\/uploads\/2020\/08\/montaux-new-logo-e1596462820847.png\",\"contentUrl\":\"https:\/\/mon-taux.com\/blog\/wp-content\/uploads\/2020\/08\/montaux-new-logo-e1596462820847.png\",\"width\":300,\"height\":172,\"caption\":\"Mon-taux.com\"},\"image\":{\"@id\":\"https:\/\/mon-taux.com\/blog\/#\/schema\/logo\/image\/\"},\"sameAs\":[\"https:\/\/www.facebook.com\/MonTauxCom.ComparateurFrontalier\",\"https:\/\/x.com\/MonTauxCom\",\"https:\/\/www.youtube.com\/channel\/UCyft978dCKAgV8DglhSW6gg\"]}]}<\/script>\n<!-- \/ Yoast SEO plugin. -->","yoast_head_json":{"title":"Quizz pour choisir la devise de mon cr\u00e9dit - Mon-taux.com - Blog des experts en frontaliers","robots":{"index":"index","follow":"follow","max-snippet":"max-snippet:-1","max-image-preview":"max-image-preview:large","max-video-preview":"max-video-preview:-1"},"canonical":"https:\/\/mon-taux.com\/blog\/quizz\/","og_locale":"fr_FR","og_type":"article","og_title":"Quizz pour choisir la devise de mon cr\u00e9dit - Mon-taux.com - Blog des experts en frontaliers","og_description":"[wp_quiz id=&#8221;33318&#8243;] * ce quizz a \u00e9t\u00e9 cr\u00e9e pour &#8220;Le guide du pr\u00eat habitat le C&#8217;FACILE pour frontaliers&#8221;","og_url":"https:\/\/mon-taux.com\/blog\/quizz\/","og_site_name":"Mon-taux.com - Blog des experts en frontaliers","article_publisher":"https:\/\/www.facebook.com\/MonTauxCom.ComparateurFrontalier","article_modified_time":"2022-09-06T12:26:50+00:00","og_image":[{"width":300,"height":300,"url":"https:\/\/mon-taux.com\/blog\/wp-content\/uploads\/2020\/10\/cfacile.png","type":"image\/png"}],"twitter_card":"summary_large_image","twitter_site":"@MonTauxCom","twitter_misc":{"Dur\u00e9e de lecture estim\u00e9e":"3 minutes"},"schema":{"@context":"https:\/\/schema.org","@graph":[{"@type":"WebPage","@id":"https:\/\/mon-taux.com\/blog\/quizz\/","url":"https:\/\/mon-taux.com\/blog\/quizz\/","name":"Quizz pour choisir la devise de mon cr\u00e9dit - Mon-taux.com - Blog des experts en frontaliers","isPartOf":{"@id":"https:\/\/mon-taux.com\/blog\/#website"},"primaryImageOfPage":{"@id":"https:\/\/mon-taux.com\/blog\/quizz\/#primaryimage"},"image":{"@id":"https:\/\/mon-taux.com\/blog\/quizz\/#primaryimage"},"thumbnailUrl":"https:\/\/mon-taux.com\/blog\/wp-content\/uploads\/2020\/10\/cfacile.png","datePublished":"2020-08-04T12:23:57+00:00","dateModified":"2022-09-06T12:26:50+00:00","breadcrumb":{"@id":"https:\/\/mon-taux.com\/blog\/quizz\/#breadcrumb"},"inLanguage":"fr-FR","potentialAction":[{"@type":"ReadAction","target":["https:\/\/mon-taux.com\/blog\/quizz\/"]}]},{"@type":"ImageObject","inLanguage":"fr-FR","@id":"https:\/\/mon-taux.com\/blog\/quizz\/#primaryimage","url":"https:\/\/mon-taux.com\/blog\/wp-content\/uploads\/2020\/10\/cfacile.png","contentUrl":"https:\/\/mon-taux.com\/blog\/wp-content\/uploads\/2020\/10\/cfacile.png","width":300,"height":300},{"@type":"BreadcrumbList","@id":"https:\/\/mon-taux.com\/blog\/quizz\/#breadcrumb","itemListElement":[{"@type":"ListItem","position":1,"name":"Accueil","item":"https:\/\/mon-taux.com\/blog\/"},{"@type":"ListItem","position":2,"name":"Quizz pour choisir la devise de mon cr\u00e9dit"}]},{"@type":"WebSite","@id":"https:\/\/mon-taux.com\/blog\/#website","url":"https:\/\/mon-taux.com\/blog\/","name":"Mon-taux.com - Blog des experts en frontaliers","description":"","publisher":{"@id":"https:\/\/mon-taux.com\/blog\/#organization"},"potentialAction":[{"@type":"SearchAction","target":{"@type":"EntryPoint","urlTemplate":"https:\/\/mon-taux.com\/blog\/?s={search_term_string}"},"query-input":{"@type":"PropertyValueSpecification","valueRequired":true,"valueName":"search_term_string"}}],"inLanguage":"fr-FR"},{"@type":"Organization","@id":"https:\/\/mon-taux.com\/blog\/#organization","name":"Mon-taux.com","url":"https:\/\/mon-taux.com\/blog\/","logo":{"@type":"ImageObject","inLanguage":"fr-FR","@id":"https:\/\/mon-taux.com\/blog\/#\/schema\/logo\/image\/","url":"https:\/\/mon-taux.com\/blog\/wp-content\/uploads\/2020\/08\/montaux-new-logo-e1596462820847.png","contentUrl":"https:\/\/mon-taux.com\/blog\/wp-content\/uploads\/2020\/08\/montaux-new-logo-e1596462820847.png","width":300,"height":172,"caption":"Mon-taux.com"},"image":{"@id":"https:\/\/mon-taux.com\/blog\/#\/schema\/logo\/image\/"},"sameAs":["https:\/\/www.facebook.com\/MonTauxCom.ComparateurFrontalier","https:\/\/x.com\/MonTauxCom","https:\/\/www.youtube.com\/channel\/UCyft978dCKAgV8DglhSW6gg"]}]}},"_links":{"self":[{"href":"https:\/\/mon-taux.com\/blog\/wp-json\/wp\/v2\/pages\/33320","targetHints":{"allow":["GET"]}}],"collection":[{"href":"https:\/\/mon-taux.com\/blog\/wp-json\/wp\/v2\/pages"}],"about":[{"href":"https:\/\/mon-taux.com\/blog\/wp-json\/wp\/v2\/types\/page"}],"author":[{"embeddable":true,"href":"https:\/\/mon-taux.com\/blog\/wp-json\/wp\/v2\/users\/1"}],"replies":[{"embeddable":true,"href":"https:\/\/mon-taux.com\/blog\/wp-json\/wp\/v2\/comments?post=33320"}],"version-history":[{"count":54,"href":"https:\/\/mon-taux.com\/blog\/wp-json\/wp\/v2\/pages\/33320\/revisions"}],"predecessor-version":[{"id":39293,"href":"https:\/\/mon-taux.com\/blog\/wp-json\/wp\/v2\/pages\/33320\/revisions\/39293"}],"wp:featuredmedia":[{"embeddable":true,"href":"https:\/\/mon-taux.com\/blog\/wp-json\/wp\/v2\/media\/33487"}],"wp:attachment":[{"href":"https:\/\/mon-taux.com\/blog\/wp-json\/wp\/v2\/media?parent=33320"}],"curies":[{"name":"wp","href":"https:\/\/api.w.org\/{rel}","templated":true}]}}